{"id":7647,"date":"2022-01-19T09:12:48","date_gmt":"2022-01-19T09:12:48","guid":{"rendered":"https:\/\/matura-home.com\/?page_id=7647"},"modified":"2025-01-24T18:27:12","modified_gmt":"2025-01-24T18:27:12","slug":"imprint","status":"publish","type":"page","link":"https:\/\/www.matura-home.hu\/hu\/imprint\/","title":{"rendered":"Imprint"},"content":{"rendered":"<h2>IMPRINT<\/h2>\n<p>\t\t<strong>N\u00e9v \u00e9s c\u00edm<br \/>\n<\/strong><br \/>\n<br \/>\nMatura Group<br \/>\n<br \/>\n\u0160martinska cesta 130<br \/>\n<br \/>\n1000 Ljubljana<br \/>\n<br \/>\nSlovenia<\/p>\n<p><strong>Meghatalmazott k\u00e9pvisel\u0151k<br \/>\n<\/strong><br \/>\n<br \/>\nMorris Assouline<\/p>\n<p><strong>Telefonsz\u00e1m<br \/>\n<\/strong><br \/>\n<br \/>\n<em>+386 1 777 42 66<\/em><\/p>\n<p><strong>E-mail Address<\/strong><br \/>\n<br \/>\n<em>info@matura-home.com<\/em><\/p>\n<p><strong>Regisztr\u00e1ci\u00f3<br \/>\n<\/strong><br \/>\n<br \/>\nRegistration court: District Court of Ljubljana, 8076626000<\/p>\n<p><strong>Ad\u00f3azonos\u00edt\u00f3 sz\u00e1m<br \/>\n<\/strong><br \/>\n<br \/>\nSI21346372<\/p>","protected":false},"excerpt":{"rendered":"<p>IMPRINT N\u00e9v \u00e9s c\u00edm Matura Group \u0160martinska cesta 130 1000 Ljubljana Slovenia Meghatalmazott k\u00e9pvisel\u0151k Morris Assouline Telefonsz\u00e1m +386 1 777 42 66 E-mail Address info@matura-home.com Regisztr\u00e1ci\u00f3 Registration court: District Court of Ljubljana, 8076626000 Ad\u00f3azonos\u00edt\u00f3 sz\u00e1m SI21346372<\/p>","protected":false},"author":1,"featured_media":0,"parent":0,"menu_order":0,"comment_status":"closed","ping_status":"closed","template":"elementor_header_footer","meta":{"_et_pb_use_builder":"","_et_pb_old_content":"","_et_gb_content_width":"","footnotes":""},"class_list":["post-7647","page","type-page","status-publish","hentry","_wholesalex wsx-wholesalex-product"],"_links":{"self":[{"href":"https:\/\/www.matura-home.hu\/hu\/wp-json\/wp\/v2\/pages\/7647","targetHints":{"allow":["GET"]}}],"collection":[{"href":"https:\/\/www.matura-home.hu\/hu\/wp-json\/wp\/v2\/pages"}],"about":[{"href":"https:\/\/www.matura-home.hu\/hu\/wp-json\/wp\/v2\/types\/page"}],"author":[{"embeddable":true,"href":"https:\/\/www.matura-home.hu\/hu\/wp-json\/wp\/v2\/users\/1"}],"replies":[{"embeddable":true,"href":"https:\/\/www.matura-home.hu\/hu\/wp-json\/wp\/v2\/comments?post=7647"}],"version-history":[{"count":0,"href":"https:\/\/www.matura-home.hu\/hu\/wp-json\/wp\/v2\/pages\/7647\/revisions"}],"wp:attachment":[{"href":"https:\/\/www.matura-home.hu\/hu\/wp-json\/wp\/v2\/media?parent=7647"}],"curies":[{"name":"wp","href":"https:\/\/api.w.org\/{rel}","templated":true}]}}