{"id":13834,"date":"2025-02-24T14:59:58","date_gmt":"2025-02-24T14:59:58","guid":{"rendered":"https:\/\/www.matura-home.hu\/?page_id=13834"},"modified":"2025-07-18T13:01:08","modified_gmt":"2025-07-18T13:01:08","slug":"cart","status":"publish","type":"page","link":"https:\/\/www.matura-home.hu\/hu\/cart\/","title":{"rendered":"Cart"},"content":{"rendered":"<p>[et_pb_section fb_built=&#8221;1&#8243; _builder_version=&#8221;4.16&#8243; da_disable_devices=&#8221;off|off|off&#8221; global_colors_info=&#8221;{}&#8221; da_is_popup=&#8221;off&#8221; da_exit_intent=&#8221;off&#8221; da_has_close=&#8221;on&#8221; da_alt_close=&#8221;off&#8221; da_dark_close=&#8221;off&#8221; da_not_modal=&#8221;on&#8221; da_is_singular=&#8221;off&#8221; da_with_loader=&#8221;off&#8221; da_has_shadow=&#8221;on&#8221;][et_pb_row _builder_version=&#8221;4.27.4&#8243; background_size=&#8221;initial&#8221; background_position=&#8221;top_left&#8221; background_repeat=&#8221;repeat&#8221; width=&#8221;100%&#8221; max_width=&#8221;1118px&#8221; min_height=&#8221;643px&#8221; height=&#8221;502px&#8221; max_height=&#8221;1000px&#8221; custom_margin=&#8221;|auto|-49px|auto||&#8221; global_colors_info=&#8221;{}&#8221;][et_pb_column type=&#8221;4_4&#8243; _builder_version=&#8221;4.16&#8243; custom_padding=&#8221;|||&#8221; global_colors_info=&#8221;{}&#8221; custom_padding__hover=&#8221;|||&#8221;][et_pb_post_title meta=&#8221;off&#8221; featured_image=&#8221;off&#8221; _builder_version=&#8221;4.16&#8243; global_colors_info=&#8221;{}&#8221;][\/et_pb_post_title][et_pb_wc_cart_notice _builder_version=&#8221;4.27.4&#8243; background_color=&#8221;#82badf&#8221; hover_enabled=&#8221;0&#8243; global_colors_info=&#8221;{}&#8221; sticky_enabled=&#8221;0&#8243;][\/et_pb_wc_cart_notice][et_pb_wc_cart_products vertical_gutter_width=&#8221;2px&#8221; horizontal_gutter_width=&#8221;2px&#8221; _builder_version=&#8221;4.27.4&#8243; table_custom_margin=&#8221;3px||3px||false|false&#8221; table_custom_padding=&#8221;16px||16px|0px|false|false&#8221; body_font_size=&#8221;17px&#8221; table_header_font_size=&#8221;15px&#8221; table_header_letter_spacing=&#8221;4px&#8221; table_header_line_height=&#8221;1.1em&#8221; form_field_font_size=&#8221;16px&#8221; form_field_line_height=&#8221;1.3em&#8221; hover_enabled=&#8221;0&#8243; border_radii_image=&#8221;off|6px|6px|6px|6px&#8221; border_width_all_image=&#8221;1px&#8221; border_radii_form_field=&#8221;off|0px|1px|0px|0px&#8221; global_colors_info=&#8221;{}&#8221; sticky_enabled=&#8221;0&#8243;][\/et_pb_wc_cart_products][et_pb_text _builder_version=&#8221;4.27.4&#8243; _module_preset=&#8221;default&#8221; hover_enabled=&#8221;0&#8243; global_colors_info=&#8221;{}&#8221; width=&#8221;100%&#8221; text_font_size=&#8221;26px&#8221; sticky_enabled=&#8221;0&#8243;]<\/p>\n<p><img decoding=\"async\" src=\"https:\/\/www.matura-home.si\/wp-content\/plugins\/revolut-gateway-for-woocommerce\/assets\/images\/revolut.svg\" alt=\"revolut\" \/><img decoding=\"async\" src=\"https:\/\/www.matura-home.si\/wp-content\/plugins\/revolut-gateway-for-woocommerce\/assets\/images\/visa.svg\" alt=\"visa\" \/><img decoding=\"async\" src=\"https:\/\/www.matura-home.si\/wp-content\/plugins\/revolut-gateway-for-woocommerce\/assets\/images\/mastercard.svg\" alt=\"mastercard\" \/><\/p>\n<p>[\/et_pb_text][\/et_pb_column][\/et_pb_row][et_pb_row column_structure=&#8221;1_2,1_2&#8243; _builder_version=&#8221;4.27.4&#8243; background_size=&#8221;initial&#8221; background_position=&#8221;top_left&#8221; background_repeat=&#8221;repeat&#8221; width=&#8221;75%&#8221; max_width=&#8221;1118px&#8221; min_height=&#8221;1000px&#8221; height=&#8221;975px&#8221; custom_padding=&#8221;11px|||||&#8221; global_colors_info=&#8221;{}&#8221;][et_pb_column type=&#8221;1_2&#8243; _builder_version=&#8221;4.16&#8243; custom_padding=&#8221;|||&#8221; global_colors_info=&#8221;{}&#8221; custom_padding__hover=&#8221;|||&#8221;][et_pb_wc_cross_sells _builder_version=&#8221;4.27.4&#8243; width=&#8221;74%&#8221; max_width=&#8221;80%&#8221; min_height=&#8221;1000px&#8221; global_colors_info=&#8221;{}&#8221;][\/et_pb_wc_cross_sells][\/et_pb_column][et_pb_column type=&#8221;1_2&#8243; _builder_version=&#8221;4.16&#8243; custom_padding=&#8221;|||&#8221; global_colors_info=&#8221;{}&#8221; custom_padding__hover=&#8221;|||&#8221;][et_pb_wc_cart_totals _builder_version=&#8221;4.16&#8243; width=&#8221;100%&#8221; global_colors_info=&#8221;{}&#8221;][\/et_pb_wc_cart_totals][\/et_pb_column][\/et_pb_row][\/et_pb_section]<\/p>\n","protected":false},"excerpt":{"rendered":"","protected":false},"author":1,"featured_media":0,"parent":0,"menu_order":0,"comment_status":"closed","ping_status":"closed","template":"","meta":{"_et_pb_use_builder":"on","_et_pb_old_content":"<!-- wp:divi\/placeholder \/--><!-- wp:divi\/placeholder \/-->\t\t\r\n\t\t\t\t\t\t<!--open container-->\r\n\t\t\t\t\t\t\t<!--open column-1-->\r\n<form action=\"https:\/\/www.matura-home.hu\/cart\/\" method=\"post\">\r\n\t\t\t\t\t\t<!--open shop table div -->\r\n\t<table cellspacing=\"0\">\r\n\t\t<thead>\r\n\t\t\t<tr>\r\n\t\t\t\t<th>Remove item<\/th>\r\n\t\t\t\t<th>Thumbnail image<\/th>\r\n\t\t\t\t<th>Product<\/th>\r\n\t\t\t\t<th>Price<\/th>\r\n\t\t\t\t<th>Quantity<\/th>\r\n\t\t\t\t<th>Subtotal<\/th>\r\n\t\t\t<\/tr>\r\n\t\t<\/thead>\r\n\t\t<tbody>\r\n\t\t\t\t\t\t\t\t<tr>\r\n\t\t\t\t\t\t<td>\r\n\t\t\t\t\t\t\t<a href=\"https:\/\/www.matura-home.hu\/cart\/?remove_item=d4e452f4710f30e083260da22c346f92&_wpnonce=5855544e41\" aria-label=\"Remove MAT9210A from cart\" data-product_id=\"13733\" data-product_sku=\"\">\u00d7<\/a>\t\t\t\t\t\t<\/td>\r\n\t\t\t\t\t\t<td>\r\n\t\t\t\t\t\t<a href=\"https:\/\/www.matura-home.hu\/product\/mat9210a\/\"><img width=\"300\" height=\"300\" src=\"https:\/\/www.matura-home.hu\/wp-content\/uploads\/2025\/02\/MAT8210A-300x300.png\" alt=\"\" decoding=\"async\" srcset=\"https:\/\/www.matura-home.hu\/wp-content\/uploads\/2025\/02\/MAT8210A-300x300.png 300w, https:\/\/www.matura-home.hu\/wp-content\/uploads\/2025\/02\/MAT8210A-100x100.png 100w, https:\/\/www.matura-home.hu\/wp-content\/uploads\/2025\/02\/MAT8210A-150x150.png 150w\" sizes=\"(max-width: 300px) 100vw, 300px\" \/><\/a>\t\t\t\t\t\t<\/td>\r\n\t\t\t\t\t\t<td data-title=\"Product\">\r\n\t\t\t\t\t\t<a href=\"https:\/\/www.matura-home.hu\/product\/mat9210a\/\">MAT9210A<\/a>\t\t\t\t\t\t<\/td>\r\n\t\t\t\t\t\t<td data-title=\"Price\">\r\n\t\t\t\t\t\t\t<bdi>$100.00<\/bdi>\t\t\t\t\t\t<\/td>\r\n\t\t\t\t\t\t<td data-title=\"Quantity\">\r\n\t\t<label for=\"quantity_67bc8dd50f887\">MAT9210A quantity<\/label>\r\n\t<input\r\n\t\ttype=\"number\"\r\n\t\t\t\tid=\"quantity_67bc8dd50f887\"\r\n\t\tclass=\"input-text qty text\"\r\n\t\tname=\"cart[d4e452f4710f30e083260da22c346f92][qty]\"\r\n\t\tvalue=\"1\"\r\n\t\taria-label=\"Product quantity\"\r\n\t\t\t\tmin=\"0\"\r\n\t\tmax=\"\"\r\n\t\t\t\t\tstep=\"1\"\r\n\t\t\tplaceholder=\"\"\r\n\t\t\tinputmode=\"numeric\"\r\n\t\t\tautocomplete=\"off\"\r\n\t\t\t\/>\r\n\t\t\t\t\t\t<\/td>\r\n\t\t\t\t\t\t<td data-title=\"Subtotal\">\r\n\t\t\t\t\t\t\t<bdi>$100.00<\/bdi>\t\t\t\t\t\t<\/td>\r\n\t\t\t\t\t<\/tr>\r\n\t\t\t<tr>\r\n\t\t\t\t<td colspan=\"6\">\r\n\t\t\t\t\t<button type=\"submit\" name=\"update_cart\" value=\"\"><\/button>\r\n\t\t\t\t\t<input type=\"hidden\" id=\"woocommerce-cart-nonce\" name=\"woocommerce-cart-nonce\" value=\"5855544e41\" \/><input type=\"hidden\" name=\"_wp_http_referer\" value=\"\/wp-admin\/admin-ajax.php\" \/>\t\t\t\t<\/td>\r\n\t\t\t<\/tr>\r\n\t\t\t\t\t<\/tbody>\r\n\t<\/table>\r\n\t\t\t\t\t<!--close shop table div -->\r\n\t\t\t\t\t<input type=\"text\" name=\"coupon_code\" id=\"coupon_code\" value=\"\" placeholder=\"Coupon code\" \/>\r\n\t\t\t\t\t<button name=\"apply_coupon\" type=\"submit\" value=\"Kupon alkalmaz\u00e1sa\">Kupon alkalmaz\u00e1sa<\/button>\r\n\t\t<\/form>\r\n\t\t\t\t\t\t<!--close column-1-->\r\n\t\t\t\t\t\t\t<!--open column-2-->\r\n\t\t\t\t\t\t\t\t\t<!--open column-inner-->\r\n\t\t\t\t\t\t\t\t\t\t<!--open cart-totals-->\r\n\t<h2>Kos\u00e1r \u00f6sszesen<\/h2>\r\n\t<table cellspacing=\"0\">\r\n\t\t<tr>\r\n\t\t\t<th>Subtotal<\/th>\r\n\t\t\t<td data-title=\"Subtotal\"><bdi>$100.00<\/bdi><\/td>\r\n\t\t<\/tr>\r\n\t\t<tr>\r\n\t\t\t<th>Total<\/th>\r\n\t\t\t<td data-title=\"Total\"><strong><bdi>$100.00<\/bdi><\/strong> <\/td>\r\n\t\t<\/tr>\r\n\t<\/table>\r\n<a href=\"https:\/\/www.matura-home.hu\">\r\n\tTov\u00e1bb a p\u00e9nzt\u00e1rhoz<\/a>\r\n\t\t\t\t\t\t\t\t\t<!--close cart-totals-->\r\n\t\t\t\t\t\t\t\t\t<!--close column-inner-->\r\n\t\t\t\t\t\t\t<!--close column-2-->\r\n\t\t\t\t\t\t<!--close container-->\r\n\t\t\t\t\t<h2>Szem\u00e9lyes adatok\r\n<\/h2>\t\t\t\t\r\n\t\t\t\t\t<h2>Bemutatott term\u00e9kek\r\n<\/h2>\t\t\t\t\r\n\t\t\t\t\t\t\t\t\t\t\t\t\t\t\t<img width=\"1024\" height=\"1024\" src=\"https:\/\/www.matura-home.hu\/wp-content\/uploads\/2025\/02\/5-min-2-scaled-1-1024x1024.jpg\" alt=\"\" srcset=\"https:\/\/www.matura-home.hu\/wp-content\/uploads\/2025\/02\/5-min-2-scaled-1-1024x1024.jpg 1024w, https:\/\/www.matura-home.hu\/wp-content\/uploads\/2025\/02\/5-min-2-scaled-1-300x300.jpg 300w, https:\/\/www.matura-home.hu\/wp-content\/uploads\/2025\/02\/5-min-2-scaled-1-150x150.jpg 150w, https:\/\/www.matura-home.hu\/wp-content\/uploads\/2025\/02\/5-min-2-scaled-1-768x768.jpg 768w, https:\/\/www.matura-home.hu\/wp-content\/uploads\/2025\/02\/5-min-2-scaled-1-1536x1536.jpg 1536w, https:\/\/www.matura-home.hu\/wp-content\/uploads\/2025\/02\/5-min-2-scaled-1-12x12.jpg 12w, https:\/\/www.matura-home.hu\/wp-content\/uploads\/2025\/02\/5-min-2-scaled-1-1080x1080.jpg 1080w, https:\/\/www.matura-home.hu\/wp-content\/uploads\/2025\/02\/5-min-2-scaled-1-1280x1280.jpg 1280w, https:\/\/www.matura-home.hu\/wp-content\/uploads\/2025\/02\/5-min-2-scaled-1-980x980.jpg 980w, https:\/\/www.matura-home.hu\/wp-content\/uploads\/2025\/02\/5-min-2-scaled-1-480x480.jpg 480w, https:\/\/www.matura-home.hu\/wp-content\/uploads\/2025\/02\/5-min-2-scaled-1-600x600.jpg 600w, https:\/\/www.matura-home.hu\/wp-content\/uploads\/2025\/02\/5-min-2-scaled-1-100x100.jpg 100w, https:\/\/www.matura-home.hu\/wp-content\/uploads\/2025\/02\/5-min-2-scaled-1.jpg 1920w\" sizes=\"(max-width: 1024px) 100vw, 1024px\" \/>\t\t\t\t\t\t\t\t\t\t\t\t\t\t\t\r\n\t\t\t\t\t\t\t\t\t<h3>\r\n\t\t\t\t\t\t\t(4,8) 23 ocen\t\t\t\t\t\t\r\n\t\t\t\t\t<\/h3>\r\n\t\t\t\t\t<h2>OMB7011PY<\/h2>\t\t\t\t\r\n\t\t\t\t\t<h2>be\u00e9p\u00edtett<\/h2>\t\t\t\t\r\n\t\tVe\u010dnamenska pe\u010dica\r\nIm\u00e1dni fogja LED-es \u00e9rint\u0151k\u00e9perny\u0151s vez\u00e9rl\u0151rendszer\u00fcnk k\u00e9nyelm\u00e9t.\r\n\t\t\t\t\t<a role=\"button\">\r\n\t\t\t\t\t\t\t\t\tKos\u00e1rba\r\n\t\t\t\t\t<\/a>\r\n\t\t\t\t\t<a href=\"#\">\r\n\t\t\t\t\t\t\t\t\tTov\u00e1bbi r\u00e9szletek\r\n\t\t\t\t\t<\/a>\r\n\t\t\t\t\t\t\t\t\t\t\t\t\t\t\t<img width=\"1024\" height=\"1024\" src=\"https:\/\/www.matura-home.hu\/wp-content\/uploads\/2025\/02\/5-min-2-scaled-1-1024x1024.jpg\" alt=\"\" srcset=\"https:\/\/www.matura-home.hu\/wp-content\/uploads\/2025\/02\/5-min-2-scaled-1-1024x1024.jpg 1024w, https:\/\/www.matura-home.hu\/wp-content\/uploads\/2025\/02\/5-min-2-scaled-1-300x300.jpg 300w, https:\/\/www.matura-home.hu\/wp-content\/uploads\/2025\/02\/5-min-2-scaled-1-150x150.jpg 150w, https:\/\/www.matura-home.hu\/wp-content\/uploads\/2025\/02\/5-min-2-scaled-1-768x768.jpg 768w, https:\/\/www.matura-home.hu\/wp-content\/uploads\/2025\/02\/5-min-2-scaled-1-1536x1536.jpg 1536w, https:\/\/www.matura-home.hu\/wp-content\/uploads\/2025\/02\/5-min-2-scaled-1-12x12.jpg 12w, https:\/\/www.matura-home.hu\/wp-content\/uploads\/2025\/02\/5-min-2-scaled-1-1080x1080.jpg 1080w, https:\/\/www.matura-home.hu\/wp-content\/uploads\/2025\/02\/5-min-2-scaled-1-1280x1280.jpg 1280w, https:\/\/www.matura-home.hu\/wp-content\/uploads\/2025\/02\/5-min-2-scaled-1-980x980.jpg 980w, https:\/\/www.matura-home.hu\/wp-content\/uploads\/2025\/02\/5-min-2-scaled-1-480x480.jpg 480w, https:\/\/www.matura-home.hu\/wp-content\/uploads\/2025\/02\/5-min-2-scaled-1-600x600.jpg 600w, https:\/\/www.matura-home.hu\/wp-content\/uploads\/2025\/02\/5-min-2-scaled-1-100x100.jpg 100w, https:\/\/www.matura-home.hu\/wp-content\/uploads\/2025\/02\/5-min-2-scaled-1.jpg 1920w\" sizes=\"(max-width: 1024px) 100vw, 1024px\" \/>\t\t\t\t\t\t\t\t\t\t\t\t\t\t\t\r\n\t\t\t\t\t\t\t\t\t<h3>\r\n\t\t\t\t\t\t\t(4,8) 23 ocen\t\t\t\t\t\t\r\n\t\t\t\t\t<\/h3>\r\n\t\t\t\t\t<h2>OMB7011PY<\/h2>\t\t\t\t\r\n\t\t\t\t\t<h2>be\u00e9p\u00edtett\r\n<\/h2>\t\t\t\t\r\n\t\tT\u00f6bbc\u00e9l\u00fa s\u00fct\u0151\r\n Ak\u00e1r szeret eg\u00e9szs\u00e9gesen f\u0151zni, ak\u00e1r az \u00e9des s\u00fct\u00e9s h\u00edve, egy t\u00f6bbfunkci\u00f3s s\u00fct\u0151t \u00e9rdemes megvenni.\r\n\t\t\t\t\t<a href=\"#\">\r\n\t\t\t\t\t\t\t\t\tKos\u00e1rba\r\n\t\t\t\t\t<\/a>\r\n\t\t\t\t\t<a href=\"#\">\r\n\t\t\t\t\t\t\t\t\tTov\u00e1bbi r\u00e9szletek\r\n\t\t\t\t\t<\/a>\r\n\t\t\t\t\t<h2>Szem\u00e9lyes adatok\r\n<\/h2>\t\t\t\t\r\n\t\t\t\t\t<h2>\r\nV\u00e1lasszon fizet\u00e9si m\u00f3dot,\r\naz illik hozz\u00e1d.<\/h2>\t\t\t\t\r\n\t\t\t\t\t\t\t\t\t\t\t\t\t\t\t<img width=\"224\" height=\"69\" src=\"https:\/\/www.matura-home.hu\/wp-content\/uploads\/2025\/02\/visa.png\" alt=\"\" srcset=\"https:\/\/www.matura-home.hu\/wp-content\/uploads\/2025\/02\/visa.png 224w, https:\/\/www.matura-home.hu\/wp-content\/uploads\/2025\/02\/visa-18x6.png 18w\" sizes=\"(max-width: 224px) 100vw, 224px\" \/>\t\t\t\t\t\t\t\t\t\t\t\t\t\t\t\r\n\t\t\t\t\t<h2>Bankk\u00e1rty\u00e1val\r\n<\/h2>\t\t\t\t\r\n\t\tWeboldalunkon v\u00e1laszthat k\u00e1rty\u00e1s fizet\u00e9st, illetve b\u00e1rmilyen fizet\u00e9si rendszerrel fizetheti v\u00e1s\u00e1rl\u00e1s\u00e1t.\r\n\t\t\t\t\t\t\t\t\t\t\t\t\t\t\t<img width=\"124\" height=\"69\" src=\"https:\/\/www.matura-home.hu\/wp-content\/uploads\/2025\/02\/hands.png\" alt=\"\" srcset=\"https:\/\/www.matura-home.hu\/wp-content\/uploads\/2025\/02\/hands.png 124w, https:\/\/www.matura-home.hu\/wp-content\/uploads\/2025\/02\/hands-18x10.png 18w\" sizes=\"(max-width: 124px) 100vw, 124px\" \/>\t\t\t\t\t\t\t\t\t\t\t\t\t\t\t\r\n\t\t\t\t\t<h2>Visszat\u00e9r\u00edt\u00e9si id\u0151szak\r\n<\/h2>\t\t\t\t\r\n\t\tA term\u00e9ket a v\u00e1s\u00e1rl\u00e1st\u00f3l sz\u00e1m\u00edtott 14 napon bel\u00fcl visszak\u00fcldheti.\r\n\t\t\t\t\t<h2>Sz\u00e1ll\u00edt\u00e1s.\r\n<\/h2>\t\t\t\t\r\n\t\t\t\t\t<h2>V\u00e1lassz a\r\nk\u00e9nyelmes fizet\u00e9s\r\nm\u00f3dszer az \u00d6n sz\u00e1m\u00e1ra.<\/h2>\t\t\t\t\r\n\t\t\t\t\t\t\t\t\t\t\t\t\t\t\t<img width=\"112\" height=\"75\" src=\"https:\/\/www.matura-home.hu\/wp-content\/uploads\/2025\/02\/bus.png\" alt=\"\" srcset=\"https:\/\/www.matura-home.hu\/wp-content\/uploads\/2025\/02\/bus.png 112w, https:\/\/www.matura-home.hu\/wp-content\/uploads\/2025\/02\/bus-18x12.png 18w\" sizes=\"(max-width: 112px) 100vw, 112px\" \/>\t\t\t\t\t\t\t\t\t\t\t\t\t\t\t\r\n\t\t\t\t\t<h2>Bankk\u00e1rty\u00e1val\r\n<\/h2>\t\t\t\t\r\n\t\tWeboldalunkon v\u00e1laszthat k\u00e1rty\u00e1s fizet\u00e9st, illetve b\u00e1rmilyen fizet\u00e9si rendszerrel fizetheti v\u00e1s\u00e1rl\u00e1s\u00e1t.\r\n\t\t\t\t\t\t\t\t\t\t\t\t\t\t\t<img width=\"113\" height=\"90\" src=\"https:\/\/www.matura-home.hu\/wp-content\/uploads\/2025\/02\/box.png\" alt=\"\" srcset=\"https:\/\/www.matura-home.hu\/wp-content\/uploads\/2025\/02\/box.png 113w, https:\/\/www.matura-home.hu\/wp-content\/uploads\/2025\/02\/box-15x12.png 15w\" sizes=\"(max-width: 113px) 100vw, 113px\" \/>\t\t\t\t\t\t\t\t\t\t\t\t\t\t\t\r\n\t\t\t\t\t<h2>\u00fczleti felt\u00e9telek\r\n<\/h2>\t\t\t\t\r\n\t\tErre a visszak\u00fcld\u00e9si szab\u00e1lyzatra meghat\u00e1rozott felt\u00e9telek vonatkoznak, amelyek olyan t\u00e9nyez\u0151ket is tartalmazhatnak, mint a term\u00e9k \u00e1llapota, haszn\u00e1lt\u00e1k-e, eredeti csomagol\u00e1s\u00e1ban van-e, stb.","_et_gb_content_width":"","footnotes":""},"class_list":["post-13834","page","type-page","status-publish","hentry","_wholesalex wsx-wholesalex-product"],"_links":{"self":[{"href":"https:\/\/www.matura-home.hu\/hu\/wp-json\/wp\/v2\/pages\/13834","targetHints":{"allow":["GET"]}}],"collection":[{"href":"https:\/\/www.matura-home.hu\/hu\/wp-json\/wp\/v2\/pages"}],"about":[{"href":"https:\/\/www.matura-home.hu\/hu\/wp-json\/wp\/v2\/types\/page"}],"author":[{"embeddable":true,"href":"https:\/\/www.matura-home.hu\/hu\/wp-json\/wp\/v2\/users\/1"}],"replies":[{"embeddable":true,"href":"https:\/\/www.matura-home.hu\/hu\/wp-json\/wp\/v2\/comments?post=13834"}],"version-history":[{"count":0,"href":"https:\/\/www.matura-home.hu\/hu\/wp-json\/wp\/v2\/pages\/13834\/revisions"}],"wp:attachment":[{"href":"https:\/\/www.matura-home.hu\/hu\/wp-json\/wp\/v2\/media?parent=13834"}],"curies":[{"name":"wp","href":"https:\/\/api.w.org\/{rel}","templated":true}]}}