{"id":12656,"date":"2025-01-21T10:12:16","date_gmt":"2025-01-21T10:12:16","guid":{"rendered":"http:\/\/localhost\/matura-hu\/?page_id=12656"},"modified":"2026-03-29T13:53:30","modified_gmt":"2026-03-29T13:53:30","slug":"mosogatogepek","status":"publish","type":"page","link":"https:\/\/www.matura-home.hu\/hu\/mosogatogepek\/","title":{"rendered":"MOSOGAT\u00d3G\u00c9PEK"},"content":{"rendered":"<p>[et_pb_section fb_built=&#8221;1&#8243; _builder_version=&#8221;4.27.4&#8243; _module_preset=&#8221;default&#8221; background_image=&#8221;https:\/\/www.matura-home.hu\/wp-content\/uploads\/2022\/01\/Dishwasher-Banner-scaled.jpg&#8221; min_height=&#8221;40vh&#8221; locked=&#8221;off&#8221; global_colors_info=&#8221;{}&#8221; da_is_popup=&#8221;off&#8221; da_exit_intent=&#8221;off&#8221; da_has_close=&#8221;on&#8221; da_alt_close=&#8221;off&#8221; da_dark_close=&#8221;off&#8221; da_not_modal=&#8221;on&#8221; da_is_singular=&#8221;off&#8221; da_with_loader=&#8221;off&#8221; da_has_shadow=&#8221;on&#8221; da_disable_devices=&#8221;off|off|off&#8221;][et_pb_row _builder_version=&#8221;4.27.4&#8243; _module_preset=&#8221;default&#8221; global_colors_info=&#8221;{}&#8221;][et_pb_column type=&#8221;4_4&#8243; _builder_version=&#8221;4.27.4&#8243; _module_preset=&#8221;default&#8221; global_colors_info=&#8221;{}&#8221;][\/et_pb_column][\/et_pb_row][\/et_pb_section][et_pb_section fb_built=&#8221;1&#8243; _builder_version=&#8221;4.27.4&#8243; _module_preset=&#8221;default&#8221; locked=&#8221;off&#8221; global_colors_info=&#8221;{}&#8221; da_is_popup=&#8221;off&#8221; da_exit_intent=&#8221;off&#8221; da_has_close=&#8221;on&#8221; da_alt_close=&#8221;off&#8221; da_dark_close=&#8221;off&#8221; da_not_modal=&#8221;on&#8221; da_is_singular=&#8221;off&#8221; da_with_loader=&#8221;off&#8221; da_has_shadow=&#8221;on&#8221; da_disable_devices=&#8221;off|off|off&#8221;][et_pb_row column_structure=&#8221;1_3,1_3,1_3&#8243; use_custom_gutter=&#8221;on&#8221; gutter_width=&#8221;2&#8243; make_equal=&#8221;on&#8221; _builder_version=&#8221;4.27.4&#8243; _module_preset=&#8221;default&#8221; global_colors_info=&#8221;{}&#8221;][et_pb_column type=&#8221;1_3&#8243; _builder_version=&#8221;4.27.4&#8243; _module_preset=&#8221;default&#8221; custom_padding=&#8221;20px|30px|30px|30px|false|true&#8221; border_radii=&#8221;on|5px|5px|5px|5px&#8221; box_shadow_style=&#8221;preset1&#8243; box_shadow_blur=&#8221;30px&#8221; box_shadow_color=&#8221;rgba(0,0,0,0.2)&#8221; global_colors_info=&#8221;{}&#8221;][et_pb_heading title=&#8221;DSBI0811&#8243; _builder_version=&#8221;4.27.4&#8243; _module_preset=&#8221;default&#8221; title_font=&#8221;Rubik||||||||&#8221; title_text_align=&#8221;left&#8221; title_text_color=&#8221;#54595f&#8221; title_font_size=&#8221;14px&#8221; title_text_align_tablet=&#8221;left&#8221; title_text_align_phone=&#8221;left&#8221; title_text_align_last_edited=&#8221;on|desktop&#8221; global_colors_info=&#8221;{}&#8221;][\/et_pb_heading][et_pb_heading title=&#8221;Semi Build-In&#8221; _builder_version=&#8221;4.27.4&#8243; _module_preset=&#8221;default&#8221; title_font=&#8221;Maven Pro|700|||||||&#8221; title_text_align=&#8221;left&#8221; title_text_color=&#8221;#54595f&#8221; title_font_size=&#8221;20px&#8221; custom_margin=&#8221;-15px||||false|false&#8221; global_colors_info=&#8221;{}&#8221;][\/et_pb_heading][et_pb_heading title=&#8221;Mosogat\u00f3g\u00e9p&#8221; _builder_version=&#8221;4.27.4&#8243; _module_preset=&#8221;default&#8221; title_font=&#8221;Rubik||||||||&#8221; title_text_align=&#8221;left&#8221; title_text_color=&#8221;#54595f&#8221; title_font_size=&#8221;18px&#8221; custom_margin=&#8221;-10px||||false|false&#8221; global_colors_info=&#8221;{}&#8221;][\/et_pb_heading][et_pb_image src=&#8221;http:\/\/www.matura-home.hu\/wp-content\/uploads\/2026\/03\/DISHWASHER-IMG-1.jpg&#8221; title_text=&#8221;DISHWASHER-IMG-1&#8243; url=&#8221;@ET-DC@eyJkeW5hbWljIjp0cnVlLCJjb250ZW50IjoicG9zdF9saW5rX3VybF9wYWdlIiwic2V0dGluZ3MiOnsicG9zdF9pZCI6IjEyNzA2In19@&#8221; _builder_version=&#8221;4.27.6&#8243; _dynamic_attributes=&#8221;url&#8221; _module_preset=&#8221;default&#8221; max_width=&#8221;60%&#8221; module_alignment=&#8221;left&#8221; hover_enabled=&#8221;0&#8243; global_colors_info=&#8221;{}&#8221; sticky_enabled=&#8221;0&#8243;][\/et_pb_image][et_pb_image src=&#8221;https:\/\/www.matura-home.hu\/wp-content\/uploads\/2025\/01\/o.png&#8221; title_text=&#8221;o&#8221; _builder_version=&#8221;4.27.4&#8243; _module_preset=&#8221;default&#8221; global_colors_info=&#8221;{}&#8221;][\/et_pb_image][et_pb_image src=&#8221;https:\/\/www.matura-home.hu\/wp-content\/uploads\/2023\/11\/E.png&#8221; title_text=&#8221;E&#8221; _builder_version=&#8221;4.27.4&#8243; _module_preset=&#8221;default&#8221; positioning=&#8221;absolute&#8221; position_origin_a=&#8221;center_right&#8221; horizontal_offset=&#8221;40px&#8221; width=&#8221;100%&#8221; max_width=&#8221;15%&#8221; custom_margin=&#8221;-70px||||false|false&#8221; global_colors_info=&#8221;{}&#8221;][\/et_pb_image][et_pb_text _builder_version=&#8221;4.27.4&#8243; _module_preset=&#8221;default&#8221; text_line_height=&#8221;1.5em&#8221; header_font_size=&#8221;14px&#8221; header_line_height=&#8221;1.5em&#8221; global_colors_info=&#8221;%91%93&#8243;]Olyan kompakt mosogat\u00f3- \u00e9s sz\u00e1r\u00edt\u00f3g\u00e9pet hoztunk l\u00e9tre, amely be\u00e9p\u00edthet\u0151 a konyh\u00e1j\u00e1ba, k\u00fcls\u0151 kezel\u0151,[\/et_pb_text][et_pb_heading title=&#8221;T\u00f6bb&#8221; url=&#8221;@ET-DC@eyJkeW5hbWljIjp0cnVlLCJjb250ZW50IjoicG9zdF9saW5rX3VybF9wYWdlIiwic2V0dGluZ3MiOnsicG9zdF9pZCI6IjEyNzA2In19@&#8221; _builder_version=&#8221;4.27.4&#8243; _dynamic_attributes=&#8221;url&#8221; _module_preset=&#8221;default&#8221; title_font=&#8221;Maven Pro|600|||||||&#8221; title_text_align=&#8221;center&#8221; title_text_color=&#8221;#82badf&#8221; title_font_size=&#8221;18px&#8221; background_enable_color=&#8221;off&#8221; max_width=&#8221;35%&#8221; module_alignment=&#8221;left&#8221; custom_padding=&#8221;7px||||false|false&#8221; border_radii=&#8221;on|5px|5px|5px|5px&#8221; border_width_all=&#8221;2px&#8221; border_color_all=&#8221;#82badf&#8221; global_colors_info=&#8221;{}&#8221;][\/et_pb_heading][et_pb_wc_add_to_cart product=&#8221;13741&#8243; show_quantity=&#8221;off&#8221; show_stock=&#8221;off&#8221; _builder_version=&#8221;4.27.4&#8243; _module_preset=&#8221;default&#8221; field_label_text_align=&#8221;right&#8221; fields_font_size=&#8221;18px&#8221; custom_button=&#8221;on&#8221; button_text_size=&#8221;18px&#8221; button_text_color=&#8221;#FFFFFF&#8221; button_border_width=&#8221;0px&#8221; button_use_icon=&#8221;off&#8221; text_orientation=&#8221;right&#8221; max_width=&#8221;100%&#8221; module_alignment=&#8221;right&#8221; custom_margin=&#8221;-60px||||false|false&#8221; locked=&#8221;off&#8221; global_colors_info=&#8221;{}&#8221;][\/et_pb_wc_add_to_cart][et_pb_image src=&#8221;https:\/\/www.matura-home.si\/wp-content\/uploads\/2025\/03\/shopping-cart-3047-1.png&#8221; align=&#8221;right&#8221; _builder_version=&#8221;4.27.4&#8243; _module_preset=&#8221;default&#8221; max_width=&#8221;12%&#8221; custom_margin=&#8221;-52px||0px|170px|false|false&#8221; locked=&#8221;off&#8221; global_colors_info=&#8221;{}&#8221;][\/et_pb_image][\/et_pb_column][et_pb_column type=&#8221;1_3&#8243; _builder_version=&#8221;4.27.4&#8243; _module_preset=&#8221;default&#8221; custom_padding=&#8221;20px|30px|30px|30px|false|true&#8221; border_radii=&#8221;on|5px|5px|5px|5px&#8221; box_shadow_style=&#8221;preset1&#8243; box_shadow_blur=&#8221;30px&#8221; box_shadow_color=&#8221;rgba(0,0,0,0.2)&#8221; global_colors_info=&#8221;{}&#8221;][et_pb_heading title=&#8221;DFBI0911&#8243; _builder_version=&#8221;4.27.4&#8243; _module_preset=&#8221;default&#8221; title_font=&#8221;Rubik||||||||&#8221; title_text_align=&#8221;left&#8221; title_text_color=&#8221;#54595f&#8221; title_font_size=&#8221;14px&#8221; title_text_align_tablet=&#8221;left&#8221; title_text_align_phone=&#8221;left&#8221; title_text_align_last_edited=&#8221;on|desktop&#8221; global_colors_info=&#8221;{}&#8221;][\/et_pb_heading][et_pb_heading title=&#8221;Fully Integrated&#8221; _builder_version=&#8221;4.27.4&#8243; _module_preset=&#8221;default&#8221; title_font=&#8221;Maven Pro|700|||||||&#8221; title_text_align=&#8221;left&#8221; title_text_color=&#8221;#54595f&#8221; title_font_size=&#8221;20px&#8221; custom_margin=&#8221;-15px||||false|false&#8221; global_colors_info=&#8221;{}&#8221;][\/et_pb_heading][et_pb_heading title=&#8221;Mosogat\u00f3g\u00e9p&#8221; _builder_version=&#8221;4.27.4&#8243; _module_preset=&#8221;default&#8221; title_font=&#8221;Rubik||||||||&#8221; title_text_align=&#8221;left&#8221; title_text_color=&#8221;#54595f&#8221; title_font_size=&#8221;18px&#8221; custom_margin=&#8221;-10px||||false|false&#8221; global_colors_info=&#8221;{}&#8221;][\/et_pb_heading][et_pb_image src=&#8221;https:\/\/www.matura-home.hu\/wp-content\/uploads\/2025\/01\/DISHWASHER-IMG-2.jpg&#8221; title_text=&#8221;DISHWASHER IMG 2&#8243; url=&#8221;@ET-DC@eyJkeW5hbWljIjp0cnVlLCJjb250ZW50IjoicG9zdF9saW5rX3VybF9wYWdlIiwic2V0dGluZ3MiOnsicG9zdF9pZCI6IjEyNzA4In19@&#8221; _builder_version=&#8221;4.27.4&#8243; _dynamic_attributes=&#8221;url&#8221; _module_preset=&#8221;default&#8221; max_width=&#8221;83%&#8221; module_alignment=&#8221;left&#8221; global_colors_info=&#8221;{}&#8221;][\/et_pb_image][et_pb_image src=&#8221;https:\/\/www.matura-home.hu\/wp-content\/uploads\/2025\/01\/o.png&#8221; title_text=&#8221;o&#8221; _builder_version=&#8221;4.27.4&#8243; _module_preset=&#8221;default&#8221; global_colors_info=&#8221;{}&#8221;][\/et_pb_image][et_pb_image src=&#8221;https:\/\/www.matura-home.hu\/wp-content\/uploads\/2023\/11\/E.png&#8221; title_text=&#8221;E&#8221; _builder_version=&#8221;4.27.4&#8243; _module_preset=&#8221;default&#8221; positioning=&#8221;absolute&#8221; position_origin_a=&#8221;center_right&#8221; horizontal_offset=&#8221;40px&#8221; width=&#8221;100%&#8221; max_width=&#8221;15%&#8221; custom_margin=&#8221;-70px||||false|false&#8221; global_colors_info=&#8221;{}&#8221;][\/et_pb_image][et_pb_text _builder_version=&#8221;4.27.4&#8243; _module_preset=&#8221;default&#8221; text_line_height=&#8221;1.5em&#8221; header_font_size=&#8221;14px&#8221; header_line_height=&#8221;1.5em&#8221; global_colors_info=&#8221;%91%93&#8243;]Ne t\u00f6lts\u00f6n t\u00f6bb \u00f3r\u00e1t a mosogat\u00f3 f\u00f6l\u00f6tt g\u00f6rnyedve, \u00e9s kezdje el t\u00f6k\u00e9letes form\u00e1ba hozni konyh\u00e1j\u00e1t[\/et_pb_text][et_pb_heading title=&#8221;T\u00f6bb&#8221; url=&#8221;@ET-DC@eyJkeW5hbWljIjp0cnVlLCJjb250ZW50IjoicG9zdF9saW5rX3VybF9wYWdlIiwic2V0dGluZ3MiOnsicG9zdF9pZCI6IjEyNzA4In19@&#8221; _builder_version=&#8221;4.27.4&#8243; _dynamic_attributes=&#8221;url&#8221; _module_preset=&#8221;default&#8221; title_font=&#8221;Maven Pro|600|||||||&#8221; title_text_align=&#8221;center&#8221; title_text_color=&#8221;#82badf&#8221; title_font_size=&#8221;18px&#8221; background_enable_color=&#8221;off&#8221; max_width=&#8221;35%&#8221; module_alignment=&#8221;left&#8221; custom_padding=&#8221;7px||||false|false&#8221; border_radii=&#8221;on|5px|5px|5px|5px&#8221; border_width_all=&#8221;2px&#8221; border_color_all=&#8221;#82badf&#8221; global_colors_info=&#8221;{}&#8221;][\/et_pb_heading][et_pb_wc_add_to_cart product=&#8221;13743&#8243; show_quantity=&#8221;off&#8221; show_stock=&#8221;off&#8221; _builder_version=&#8221;4.27.4&#8243; _module_preset=&#8221;default&#8221; field_label_text_align=&#8221;right&#8221; fields_font_size=&#8221;18px&#8221; custom_button=&#8221;on&#8221; button_text_size=&#8221;18px&#8221; button_text_color=&#8221;#FFFFFF&#8221; button_border_width=&#8221;0px&#8221; button_use_icon=&#8221;off&#8221; text_orientation=&#8221;right&#8221; max_width=&#8221;100%&#8221; module_alignment=&#8221;right&#8221; custom_margin=&#8221;-60px||||false|false&#8221; locked=&#8221;off&#8221; global_colors_info=&#8221;{}&#8221;][\/et_pb_wc_add_to_cart][et_pb_image src=&#8221;https:\/\/www.matura-home.si\/wp-content\/uploads\/2025\/03\/shopping-cart-3047-1.png&#8221; align=&#8221;right&#8221; _builder_version=&#8221;4.27.6&#8243; _module_preset=&#8221;default&#8221; max_width=&#8221;12%&#8221; custom_margin=&#8221;-52px||0px|170px|false|false&#8221; hover_enabled=&#8221;0&#8243; locked=&#8221;off&#8221; global_colors_info=&#8221;{}&#8221; sticky_enabled=&#8221;0&#8243;][\/et_pb_image][\/et_pb_column][et_pb_column type=&#8221;1_3&#8243; _builder_version=&#8221;4.27.4&#8243; _module_preset=&#8221;default&#8221; custom_padding=&#8221;20px|30px|30px|30px|false|true&#8221; border_radii=&#8221;on|5px|5px|5px|5px&#8221; box_shadow_style=&#8221;preset1&#8243; box_shadow_blur=&#8221;30px&#8221; box_shadow_color=&#8221;rgba(0,0,0,0.2)&#8221; global_colors_info=&#8221;{}&#8221;][et_pb_heading title=&#8221;DFS08011W&#8221; _builder_version=&#8221;4.27.4&#8243; _module_preset=&#8221;default&#8221; title_font=&#8221;Rubik||||||||&#8221; title_text_align=&#8221;left&#8221; title_text_color=&#8221;#54595f&#8221; title_font_size=&#8221;14px&#8221; title_text_align_tablet=&#8221;left&#8221; title_text_align_phone=&#8221;left&#8221; title_text_align_last_edited=&#8221;on|desktop&#8221; global_colors_info=&#8221;{}&#8221;][\/et_pb_heading][et_pb_heading title=&#8221;Freestanding&#8221; _builder_version=&#8221;4.27.4&#8243; _module_preset=&#8221;default&#8221; title_font=&#8221;Maven Pro|700|||||||&#8221; title_text_align=&#8221;left&#8221; title_text_color=&#8221;#54595f&#8221; title_font_size=&#8221;20px&#8221; custom_margin=&#8221;-15px||||false|false&#8221; global_colors_info=&#8221;{}&#8221;][\/et_pb_heading][et_pb_heading title=&#8221;Mosogat\u00f3g\u00e9p&#8221; _builder_version=&#8221;4.27.4&#8243; _module_preset=&#8221;default&#8221; title_font=&#8221;Rubik||||||||&#8221; title_text_align=&#8221;left&#8221; title_text_color=&#8221;#54595f&#8221; title_font_size=&#8221;18px&#8221; custom_margin=&#8221;-10px||||false|false&#8221; global_colors_info=&#8221;{}&#8221;][\/et_pb_heading][et_pb_image src=&#8221;http:\/\/www.matura-home.hu\/wp-content\/uploads\/2026\/03\/DISHWASHER-IMG-3.jpg&#8221; title_text=&#8221;DISHWASHER-IMG-3&#8243; url=&#8221;@ET-DC@eyJkeW5hbWljIjp0cnVlLCJjb250ZW50IjoicG9zdF9saW5rX3VybF9wYWdlIiwic2V0dGluZ3MiOnsicG9zdF9pZCI6IjEyNzEwIn19@&#8221; _builder_version=&#8221;4.27.6&#8243; _dynamic_attributes=&#8221;url&#8221; _module_preset=&#8221;default&#8221; max_width=&#8221;60%&#8221; module_alignment=&#8221;left&#8221; hover_enabled=&#8221;0&#8243; global_colors_info=&#8221;{}&#8221; sticky_enabled=&#8221;0&#8243;][\/et_pb_image][et_pb_image src=&#8221;https:\/\/www.matura-home.hu\/wp-content\/uploads\/2025\/01\/o.png&#8221; title_text=&#8221;o&#8221; _builder_version=&#8221;4.27.4&#8243; _module_preset=&#8221;default&#8221; global_colors_info=&#8221;{}&#8221;][\/et_pb_image][et_pb_image src=&#8221;https:\/\/www.matura-home.hu\/wp-content\/uploads\/2023\/11\/E.png&#8221; title_text=&#8221;E&#8221; _builder_version=&#8221;4.27.4&#8243; _module_preset=&#8221;default&#8221; positioning=&#8221;absolute&#8221; position_origin_a=&#8221;center_right&#8221; horizontal_offset=&#8221;40px&#8221; width=&#8221;100%&#8221; max_width=&#8221;15%&#8221; custom_margin=&#8221;-70px||||false|false&#8221; global_colors_info=&#8221;{}&#8221;][\/et_pb_image][et_pb_text _builder_version=&#8221;4.27.4&#8243; _module_preset=&#8221;default&#8221; text_line_height=&#8221;1.5em&#8221; header_font_size=&#8221;14px&#8221; header_line_height=&#8221;1.5em&#8221; global_colors_info=&#8221;%91%93&#8243;]Ezt a csod\u00e1latos eszk\u00f6zt \u00fagy tervezt\u00fck, hogy megk\u00fczdj\u00f6n a makacs \u00e9telfoltokkal, mik\u00f6zben rendk\u00edv\u00fcl.[\/et_pb_text][et_pb_heading title=&#8221;T\u00f6bb&#8221; url=&#8221;@ET-DC@eyJkeW5hbWljIjp0cnVlLCJjb250ZW50IjoicG9zdF9saW5rX3VybF9wYWdlIiwic2V0dGluZ3MiOnsicG9zdF9pZCI6IjEyNzEwIn19@&#8221; _builder_version=&#8221;4.27.4&#8243; _dynamic_attributes=&#8221;url&#8221; _module_preset=&#8221;default&#8221; title_font=&#8221;Maven Pro|600|||||||&#8221; title_text_align=&#8221;center&#8221; title_text_color=&#8221;#82badf&#8221; title_font_size=&#8221;18px&#8221; background_enable_color=&#8221;off&#8221; max_width=&#8221;35%&#8221; module_alignment=&#8221;left&#8221; custom_padding=&#8221;7px||||false|false&#8221; border_radii=&#8221;on|5px|5px|5px|5px&#8221; border_width_all=&#8221;2px&#8221; border_color_all=&#8221;#82badf&#8221; global_colors_info=&#8221;{}&#8221;][\/et_pb_heading][et_pb_wc_add_to_cart product=&#8221;13745&#8243; show_quantity=&#8221;off&#8221; show_stock=&#8221;off&#8221; _builder_version=&#8221;4.27.4&#8243; _module_preset=&#8221;default&#8221; field_label_text_align=&#8221;right&#8221; fields_font_size=&#8221;18px&#8221; custom_button=&#8221;on&#8221; button_text_size=&#8221;18px&#8221; button_text_color=&#8221;#FFFFFF&#8221; button_border_width=&#8221;0px&#8221; button_use_icon=&#8221;off&#8221; text_orientation=&#8221;right&#8221; max_width=&#8221;100%&#8221; module_alignment=&#8221;right&#8221; custom_margin=&#8221;-60px||||false|false&#8221; locked=&#8221;off&#8221; global_colors_info=&#8221;{}&#8221;][\/et_pb_wc_add_to_cart][et_pb_image src=&#8221;https:\/\/www.matura-home.si\/wp-content\/uploads\/2025\/03\/shopping-cart-3047-1.png&#8221; align=&#8221;right&#8221; _builder_version=&#8221;4.27.4&#8243; _module_preset=&#8221;default&#8221; max_width=&#8221;12%&#8221; custom_margin=&#8221;-52px||0px|170px|false|false&#8221; locked=&#8221;off&#8221; global_colors_info=&#8221;{}&#8221;][\/et_pb_image][\/et_pb_column][\/et_pb_row][\/et_pb_section]<\/p>\n","protected":false},"excerpt":{"rendered":"<p>Olyan kompakt mosogat\u00f3- \u00e9s sz\u00e1r\u00edt\u00f3g\u00e9pet hoztunk l\u00e9tre, amely be\u00e9p\u00edthet\u0151 a konyh\u00e1j\u00e1ba, k\u00fcls\u0151 kezel\u0151,Ne t\u00f6lts\u00f6n t\u00f6bb \u00f3r\u00e1t a mosogat\u00f3 f\u00f6l\u00f6tt g\u00f6rnyedve, \u00e9s kezdje el t\u00f6k\u00e9letes form\u00e1ba hozni konyh\u00e1j\u00e1tEzt a csod\u00e1latos eszk\u00f6zt \u00fagy tervezt\u00fck, hogy megk\u00fczdj\u00f6n a makacs \u00e9telfoltokkal, mik\u00f6zben rendk\u00edv\u00fcl.<\/p>","protected":false},"author":1,"featured_media":0,"parent":0,"menu_order":0,"comment_status":"closed","ping_status":"closed","template":"","meta":{"_et_pb_use_builder":"on","_et_pb_old_content":"","_et_gb_content_width":"","footnotes":""},"class_list":["post-12656","page","type-page","status-publish","hentry","_wholesalex wsx-wholesalex-product"],"_links":{"self":[{"href":"https:\/\/www.matura-home.hu\/hu\/wp-json\/wp\/v2\/pages\/12656","targetHints":{"allow":["GET"]}}],"collection":[{"href":"https:\/\/www.matura-home.hu\/hu\/wp-json\/wp\/v2\/pages"}],"about":[{"href":"https:\/\/www.matura-home.hu\/hu\/wp-json\/wp\/v2\/types\/page"}],"author":[{"embeddable":true,"href":"https:\/\/www.matura-home.hu\/hu\/wp-json\/wp\/v2\/users\/1"}],"replies":[{"embeddable":true,"href":"https:\/\/www.matura-home.hu\/hu\/wp-json\/wp\/v2\/comments?post=12656"}],"version-history":[{"count":0,"href":"https:\/\/www.matura-home.hu\/hu\/wp-json\/wp\/v2\/pages\/12656\/revisions"}],"wp:attachment":[{"href":"https:\/\/www.matura-home.hu\/hu\/wp-json\/wp\/v2\/media?parent=12656"}],"curies":[{"name":"wp","href":"https:\/\/api.w.org\/{rel}","templated":true}]}}