{"id":12655,"date":"2025-01-21T10:12:16","date_gmt":"2025-01-21T10:12:16","guid":{"rendered":"http:\/\/localhost\/matura-hu\/?page_id=12655"},"modified":"2026-03-29T13:49:01","modified_gmt":"2026-03-29T13:49:01","slug":"moso-szaritok","status":"publish","type":"page","link":"https:\/\/www.matura-home.hu\/hu\/moso-szaritok\/","title":{"rendered":"MOS\u00d3 SZ\u00c1R\u00cdT\u00d3K"},"content":{"rendered":"<p>[et_pb_section fb_built=&#8221;1&#8243; _builder_version=&#8221;4.27.4&#8243; _module_preset=&#8221;default&#8221; background_image=&#8221;https:\/\/www.matura-home.hu\/wp-content\/uploads\/2023\/11\/WD-Banner-1-scaled-1.jpg&#8221; min_height=&#8221;40vh&#8221; da_disable_devices=&#8221;off|off|off&#8221; locked=&#8221;off&#8221; global_colors_info=&#8221;{}&#8221; da_is_popup=&#8221;off&#8221; da_exit_intent=&#8221;off&#8221; da_has_close=&#8221;on&#8221; da_alt_close=&#8221;off&#8221; da_dark_close=&#8221;off&#8221; da_not_modal=&#8221;on&#8221; da_is_singular=&#8221;off&#8221; da_with_loader=&#8221;off&#8221; da_has_shadow=&#8221;on&#8221;][et_pb_row _builder_version=&#8221;4.27.4&#8243; _module_preset=&#8221;default&#8221; global_colors_info=&#8221;{}&#8221;][et_pb_column type=&#8221;4_4&#8243; _builder_version=&#8221;4.27.4&#8243; _module_preset=&#8221;default&#8221; global_colors_info=&#8221;{}&#8221;][\/et_pb_column][\/et_pb_row][\/et_pb_section][et_pb_section fb_built=&#8221;1&#8243; _builder_version=&#8221;4.27.4&#8243; _module_preset=&#8221;default&#8221; da_disable_devices=&#8221;off|off|off&#8221; locked=&#8221;off&#8221; global_colors_info=&#8221;{}&#8221; da_is_popup=&#8221;off&#8221; da_exit_intent=&#8221;off&#8221; da_has_close=&#8221;on&#8221; da_alt_close=&#8221;off&#8221; da_dark_close=&#8221;off&#8221; da_not_modal=&#8221;on&#8221; da_is_singular=&#8221;off&#8221; da_with_loader=&#8221;off&#8221; da_has_shadow=&#8221;on&#8221;][et_pb_row column_structure=&#8221;1_3,1_3,1_3&#8243; use_custom_gutter=&#8221;on&#8221; gutter_width=&#8221;2&#8243; make_equal=&#8221;on&#8221; _builder_version=&#8221;4.27.4&#8243; _module_preset=&#8221;default&#8221; global_colors_info=&#8221;{}&#8221;][et_pb_column type=&#8221;1_3&#8243; _builder_version=&#8221;4.27.4&#8243; _module_preset=&#8221;default&#8221; custom_padding=&#8221;20px|30px|30px|30px|false|true&#8221; border_radii=&#8221;on|5px|5px|5px|5px&#8221; box_shadow_style=&#8221;preset1&#8243; box_shadow_blur=&#8221;30px&#8221; box_shadow_color=&#8221;rgba(0,0,0,0.2)&#8221; global_colors_info=&#8221;{}&#8221;][et_pb_heading title=&#8221;DUO 2310&#8243; _builder_version=&#8221;4.27.4&#8243; _module_preset=&#8221;default&#8221; title_font=&#8221;Rubik||||||||&#8221; title_text_align=&#8221;left&#8221; title_text_color=&#8221;#54595f&#8221; title_font_size=&#8221;14px&#8221; title_text_align_tablet=&#8221;left&#8221; title_text_align_phone=&#8221;left&#8221; title_text_align_last_edited=&#8221;on|desktop&#8221; global_colors_info=&#8221;{}&#8221;][\/et_pb_heading][et_pb_heading title=&#8221;Sz\u00e1r\u00edt\u00f3g\u00e9p&#8221; _builder_version=&#8221;4.27.4&#8243; _module_preset=&#8221;default&#8221; title_font=&#8221;Maven Pro|700|||||||&#8221; title_text_align=&#8221;left&#8221; title_text_color=&#8221;#54595f&#8221; title_font_size=&#8221;20px&#8221; custom_margin=&#8221;-15px||||false|false&#8221; global_colors_info=&#8221;{}&#8221;][\/et_pb_heading][et_pb_heading title=&#8221;El\u00fcls\u0151 bet\u00f6lt\u00e9s&#8221; _builder_version=&#8221;4.27.4&#8243; _module_preset=&#8221;default&#8221; title_font=&#8221;Rubik||||||||&#8221; title_text_align=&#8221;left&#8221; title_text_color=&#8221;#54595f&#8221; title_font_size=&#8221;18px&#8221; custom_margin=&#8221;-10px||||false|false&#8221; global_colors_info=&#8221;{}&#8221;][\/et_pb_heading][et_pb_heading title=&#8221;10kg\/6kg&#8221; _builder_version=&#8221;4.27.4&#8243; _module_preset=&#8221;default&#8221; title_font=&#8221;Rubik||||||||&#8221; title_text_align=&#8221;left&#8221; title_text_color=&#8221;#54595f&#8221; title_font_size=&#8221;18px&#8221; custom_margin=&#8221;-10px||||false|false&#8221; global_colors_info=&#8221;{}&#8221;][\/et_pb_heading][et_pb_image src=&#8221;http:\/\/www.matura-home.hu\/wp-content\/uploads\/2026\/03\/Artboard-\u2013-2-1.jpg&#8221; title_text=&#8221;Artboard-\u2013-2-1&#8243; url=&#8221;@ET-DC@eyJkeW5hbWljIjp0cnVlLCJjb250ZW50IjoicG9zdF9saW5rX3VybF9wYWdlIiwic2V0dGluZ3MiOnsicG9zdF9pZCI6IjEyNzA0In19@&#8221; _builder_version=&#8221;4.27.6&#8243; _dynamic_attributes=&#8221;url&#8221; _module_preset=&#8221;default&#8221; max_width=&#8221;60%&#8221; module_alignment=&#8221;left&#8221; hover_enabled=&#8221;0&#8243; global_colors_info=&#8221;{}&#8221; sticky_enabled=&#8221;0&#8243;][\/et_pb_image][et_pb_image src=&#8221;https:\/\/www.matura-home.hu\/wp-content\/uploads\/2025\/01\/One-Row-3-1024&#215;140-1.png&#8221; title_text=&#8221;One-Row-3-1024&#215;140&#8243; _builder_version=&#8221;4.27.4&#8243; _module_preset=&#8221;default&#8221; global_colors_info=&#8221;{}&#8221;][\/et_pb_image][et_pb_image src=&#8221;https:\/\/www.matura-home.hu\/wp-content\/uploads\/2025\/01\/B.png&#8221; title_text=&#8221;B&#8221; _builder_version=&#8221;4.27.4&#8243; _module_preset=&#8221;default&#8221; positioning=&#8221;absolute&#8221; position_origin_a=&#8221;center_right&#8221; horizontal_offset=&#8221;40px&#8221; width=&#8221;100%&#8221; max_width=&#8221;15%&#8221; custom_margin=&#8221;-70px||||false|false&#8221; global_colors_info=&#8221;{}&#8221;][\/et_pb_image][et_pb_image src=&#8221;https:\/\/www.matura-home.hu\/wp-content\/uploads\/2023\/11\/E.png&#8221; title_text=&#8221;E&#8221; _builder_version=&#8221;4.27.4&#8243; _module_preset=&#8221;default&#8221; positioning=&#8221;absolute&#8221; position_origin_a=&#8221;center_right&#8221; horizontal_offset=&#8221;40px&#8221; width=&#8221;100%&#8221; max_width=&#8221;15%&#8221; custom_margin=&#8221;-20px||||false|false&#8221; global_colors_info=&#8221;{}&#8221;][\/et_pb_image][et_pb_text _builder_version=&#8221;4.27.4&#8243; _module_preset=&#8221;default&#8221; text_line_height=&#8221;1.5em&#8221; header_font_size=&#8221;14px&#8221; header_line_height=&#8221;1.5em&#8221; global_colors_info=&#8221;%91%93&#8243;]L\u00e9pjen be a p\u00e1ratlan kifinomults\u00e1g \u00e9s precizit\u00e1s birodalm\u00e1ba a DUO2310-el, amely a mosodai kiv\u00e1l\u00f3s\u00e1g[\/et_pb_text][et_pb_heading title=&#8221;T\u00f6bb&#8221; url=&#8221;@ET-DC@eyJkeW5hbWljIjp0cnVlLCJjb250ZW50IjoicG9zdF9saW5rX3VybF9wYWdlIiwic2V0dGluZ3MiOnsicG9zdF9pZCI6IjEyNzA0In19@&#8221; _builder_version=&#8221;4.27.4&#8243; _dynamic_attributes=&#8221;url&#8221; _module_preset=&#8221;default&#8221; title_font=&#8221;Maven Pro|600|||||||&#8221; title_text_align=&#8221;center&#8221; title_text_color=&#8221;#82badf&#8221; title_font_size=&#8221;18px&#8221; background_enable_color=&#8221;off&#8221; max_width=&#8221;35%&#8221; module_alignment=&#8221;left&#8221; custom_padding=&#8221;7px||||false|false&#8221; border_radii=&#8221;on|5px|5px|5px|5px&#8221; border_width_all=&#8221;2px&#8221; border_color_all=&#8221;#82badf&#8221; global_colors_info=&#8221;{}&#8221;][\/et_pb_heading][et_pb_wc_add_to_cart product=&#8221;13739&#8243; show_quantity=&#8221;off&#8221; show_stock=&#8221;off&#8221; _builder_version=&#8221;4.27.4&#8243; _module_preset=&#8221;default&#8221; field_label_text_align=&#8221;right&#8221; fields_font_size=&#8221;18px&#8221; custom_button=&#8221;on&#8221; button_text_size=&#8221;18px&#8221; button_text_color=&#8221;#FFFFFF&#8221; button_border_width=&#8221;0px&#8221; button_use_icon=&#8221;off&#8221; text_orientation=&#8221;right&#8221; max_width=&#8221;100%&#8221; module_alignment=&#8221;right&#8221; custom_margin=&#8221;-60px||||false|false&#8221; locked=&#8221;off&#8221; global_colors_info=&#8221;{}&#8221;][\/et_pb_wc_add_to_cart][et_pb_image src=&#8221;https:\/\/www.matura-home.si\/wp-content\/uploads\/2025\/03\/shopping-cart-3047-1.png&#8221; align=&#8221;right&#8221; _builder_version=&#8221;4.27.4&#8243; _module_preset=&#8221;default&#8221; max_width=&#8221;12%&#8221; custom_margin=&#8221;-52px||0px|170px|false|false&#8221; locked=&#8221;off&#8221; global_colors_info=&#8221;{}&#8221;][\/et_pb_image][\/et_pb_column][et_pb_column type=&#8221;1_3&#8243; _builder_version=&#8221;4.27.4&#8243; _module_preset=&#8221;default&#8221; global_colors_info=&#8221;{}&#8221;][\/et_pb_column][et_pb_column type=&#8221;1_3&#8243; _builder_version=&#8221;4.27.4&#8243; _module_preset=&#8221;default&#8221; global_colors_info=&#8221;{}&#8221;][\/et_pb_column][\/et_pb_row][\/et_pb_section]<\/p>\n","protected":false},"excerpt":{"rendered":"<p>L\u00e9pjen be a p\u00e1ratlan kifinomults\u00e1g \u00e9s precizit\u00e1s birodalm\u00e1ba a DUO2310-el, amely a mosodai kiv\u00e1l\u00f3s\u00e1g<\/p>","protected":false},"author":1,"featured_media":0,"parent":0,"menu_order":0,"comment_status":"closed","ping_status":"closed","template":"","meta":{"_et_pb_use_builder":"on","_et_pb_old_content":"","_et_gb_content_width":"","footnotes":""},"class_list":["post-12655","page","type-page","status-publish","hentry","_wholesalex wsx-wholesalex-product"],"_links":{"self":[{"href":"https:\/\/www.matura-home.hu\/hu\/wp-json\/wp\/v2\/pages\/12655","targetHints":{"allow":["GET"]}}],"collection":[{"href":"https:\/\/www.matura-home.hu\/hu\/wp-json\/wp\/v2\/pages"}],"about":[{"href":"https:\/\/www.matura-home.hu\/hu\/wp-json\/wp\/v2\/types\/page"}],"author":[{"embeddable":true,"href":"https:\/\/www.matura-home.hu\/hu\/wp-json\/wp\/v2\/users\/1"}],"replies":[{"embeddable":true,"href":"https:\/\/www.matura-home.hu\/hu\/wp-json\/wp\/v2\/comments?post=12655"}],"version-history":[{"count":0,"href":"https:\/\/www.matura-home.hu\/hu\/wp-json\/wp\/v2\/pages\/12655\/revisions"}],"wp:attachment":[{"href":"https:\/\/www.matura-home.hu\/hu\/wp-json\/wp\/v2\/media?parent=12655"}],"curies":[{"name":"wp","href":"https:\/\/api.w.org\/{rel}","templated":true}]}}